{"id":8515,"date":"2024-06-06T22:02:06","date_gmt":"2024-06-06T22:02:06","guid":{"rendered":"https:\/\/bigkahunas-com.boomersparkstg.wpengine.com\/destin\/?page_id=8515"},"modified":"2024-06-11T19:55:25","modified_gmt":"2024-06-11T19:55:25","slug":"espanol","status":"publish","type":"page","link":"https:\/\/bigkahunas.com\/destin\/espanol\/","title":{"rendered":"Espa\u00f1ol"},"content":{"rendered":"\t\t<div data-elementor-type=\"wp-page\" data-elementor-id=\"8515\" class=\"elementor elementor-8515\" data-elementor-post-type=\"page\">\n\t\t\t\t<div class=\"elementor-element elementor-element-359f1d81 e-flex e-con-boxed e-con e-parent\" data-id=\"359f1d81\" data-element_type=\"container\" data-e-type=\"container\">\n\t\t\t\t\t<div class=\"e-con-inner\">\n\t\t<div class=\"elementor-element elementor-element-fbdf3a8 e-con-full e-flex e-con e-child\" data-id=\"fbdf3a8\" data-element_type=\"container\" data-e-type=\"container\">\n\t\t\t\t<div class=\"elementor-element elementor-element-25e4fd9c elementor-widget elementor-widget-heading\" data-id=\"25e4fd9c\" data-element_type=\"widget\" data-e-type=\"widget\" data-widget_type=\"heading.default\">\n\t\t\t\t<div class=\"elementor-widget-container\">\n\t\t\t\t\t<h1 class=\"elementor-heading-title elementor-size-default\">Para m\u00e1s informaci\u00f3n en espa\u00f1ol:<\/h1>\t\t\t\t<\/div>\n\t\t\t\t<\/div>\n\t\t\t\t<div class=\"elementor-element elementor-element-c2548a9 elementor-widget-divider--view-line elementor-widget elementor-widget-divider\" data-id=\"c2548a9\" data-element_type=\"widget\" data-e-type=\"widget\" data-widget_type=\"divider.default\">\n\t\t\t\t<div class=\"elementor-widget-container\">\n\t\t\t\t\t\t\t<div class=\"elementor-divider\">\n\t\t\t<span class=\"elementor-divider-separator\">\n\t\t\t\t\t\t<\/span>\n\t\t<\/div>\n\t\t\t\t\t\t<\/div>\n\t\t\t\t<\/div>\n\t\t\t\t<div class=\"elementor-element elementor-element-c578c70 elementor-widget elementor-widget-heading\" data-id=\"c578c70\" data-element_type=\"widget\" data-e-type=\"widget\" data-widget_type=\"heading.default\">\n\t\t\t\t<div class=\"elementor-widget-container\">\n\t\t\t\t\t<h2 class=\"elementor-heading-title elementor-size-default\">Paso 1: <img decoding=\"async\" alt=\"arrow\" src=\"https:\/\/lsewaterparks.wpenginepowered.com\/wp-content\/uploads\/sites\/2\/2024\/06\/arrow-03.webp\" style=\"width:90px;margin-bottom:-20px\"><\/h2>\t\t\t\t<\/div>\n\t\t\t\t<\/div>\n\t\t\t\t<div class=\"elementor-element elementor-element-271659f7 elementor-widget elementor-widget-text-editor\" data-id=\"271659f7\" data-element_type=\"widget\" data-e-type=\"widget\" data-widget_type=\"text-editor.default\">\n\t\t\t\t<div class=\"elementor-widget-container\">\n\t\t\t\t\t\t\t\t\t<p>Para traducir este sitio web al espa\u00f1ol<span class=\"ui-provider a b c d e f g h i j k l m n o p q r s t u v w x y z ab ac ae af ag ah ai aj ak\" dir=\"ltr\">, haz click aqu\u00ed:<\/span><\/p>\t\t\t\t\t\t\t\t<\/div>\n\t\t\t\t<\/div>\n\t\t\t\t<div class=\"elementor-element elementor-element-2f552c91 elementor-widget elementor-widget-text-editor\" data-id=\"2f552c91\" data-element_type=\"widget\" data-e-type=\"widget\" data-widget_type=\"text-editor.default\">\n\t\t\t\t<div class=\"elementor-widget-container\">\n\t\t\t\t\t\t\t\t\t<p>[gt-link lang=&#8221;es&#8221; label=&#8221;Espa\u00f1ol&#8221; widget_look=&#8221;flags_name&#8221;]<\/p>\t\t\t\t\t\t\t\t<\/div>\n\t\t\t\t<\/div>\n\t\t\t\t<div class=\"elementor-element elementor-element-c161032 elementor-widget-divider--view-line elementor-widget elementor-widget-divider\" data-id=\"c161032\" data-element_type=\"widget\" data-e-type=\"widget\" data-widget_type=\"divider.default\">\n\t\t\t\t<div class=\"elementor-widget-container\">\n\t\t\t\t\t\t\t<div class=\"elementor-divider\">\n\t\t\t<span class=\"elementor-divider-separator\">\n\t\t\t\t\t\t<\/span>\n\t\t<\/div>\n\t\t\t\t\t\t<\/div>\n\t\t\t\t<\/div>\n\t\t\t\t<div class=\"elementor-element elementor-element-1e21066 elementor-widget elementor-widget-heading\" data-id=\"1e21066\" data-element_type=\"widget\" data-e-type=\"widget\" data-widget_type=\"heading.default\">\n\t\t\t\t<div class=\"elementor-widget-container\">\n\t\t\t\t\t<h2 class=\"elementor-heading-title elementor-size-default\">Paso 2: <img decoding=\"async\" alt=\"arrow\" src=\"https:\/\/lsewaterparks.wpenginepowered.com\/wp-content\/uploads\/sites\/2\/2024\/06\/arrow-03.webp\" style=\"width:90px;margin-bottom:-20px\"><\/h2>\t\t\t\t<\/div>\n\t\t\t\t<\/div>\n\t\t\t\t<div class=\"elementor-element elementor-element-28edd6e elementor-widget elementor-widget-text-editor\" data-id=\"28edd6e\" data-element_type=\"widget\" data-e-type=\"widget\" data-widget_type=\"text-editor.default\">\n\t\t\t\t<div class=\"elementor-widget-container\">\n\t\t\t\t\t\t\t\t\t<p><span class=\"ui-provider a b c d e f g h i j k l m n o p q r s t u v w x y z ab ac ae af ag ah ai aj ak\" dir=\"ltr\">Para m\u00e1s informaci\u00f3n sobre las atracciones en espa\u00f1ol, haz click aqu\u00ed:<\/span><\/p>\t\t\t\t\t\t\t\t<\/div>\n\t\t\t\t<\/div>\n\t\t\t\t<div class=\"elementor-element elementor-element-292ee6b elementor-invisible elementor-widget elementor-widget-button\" data-id=\"292ee6b\" data-element_type=\"widget\" data-e-type=\"widget\" data-settings=\"{&quot;_animation&quot;:&quot;fadeIn&quot;}\" data-widget_type=\"button.default\">\n\t\t\t\t<div class=\"elementor-widget-container\">\n\t\t\t\t\t\t\t\t\t<div class=\"elementor-button-wrapper\">\n\t\t\t\t\t<a class=\"elementor-button elementor-button-link elementor-size-sm elementor-animation-grow\" href=\"https:\/\/lsewaterparks.wpenginepowered.com\/destin\/attractions\/water-park\/\" target=\"_blank\">\n\t\t\t\t\t\t<span class=\"elementor-button-content-wrapper\">\n\t\t\t\t\t\t\t\t\t<span class=\"elementor-button-text\">Atracciones<\/span>\n\t\t\t\t\t<\/span>\n\t\t\t\t\t<\/a>\n\t\t\t\t<\/div>\n\t\t\t\t\t\t\t\t<\/div>\n\t\t\t\t<\/div>\n\t\t\t\t<div class=\"elementor-element elementor-element-97903cc elementor-widget-divider--view-line elementor-widget elementor-widget-divider\" data-id=\"97903cc\" data-element_type=\"widget\" data-e-type=\"widget\" data-widget_type=\"divider.default\">\n\t\t\t\t<div class=\"elementor-widget-container\">\n\t\t\t\t\t\t\t<div class=\"elementor-divider\">\n\t\t\t<span class=\"elementor-divider-separator\">\n\t\t\t\t\t\t<\/span>\n\t\t<\/div>\n\t\t\t\t\t\t<\/div>\n\t\t\t\t<\/div>\n\t\t\t\t<div class=\"elementor-element elementor-element-9e08882 elementor-align-start elementor-icon-list--layout-traditional elementor-list-item-link-full_width elementor-widget elementor-widget-icon-list\" data-id=\"9e08882\" data-element_type=\"widget\" data-e-type=\"widget\" data-widget_type=\"icon-list.default\">\n\t\t\t\t<div class=\"elementor-widget-container\">\n\t\t\t\t\t\t\t<ul class=\"elementor-icon-list-items\">\n\t\t\t\t\t\t\t<li class=\"elementor-icon-list-item\">\n\t\t\t\t\t\t\t\t\t\t\t<a href=\"https:\/\/lsewaterparks.wpenginepowered.com\/destin\/contact-us\/\">\n\n\t\t\t\t\t\t\t\t\t\t\t\t<span class=\"elementor-icon-list-icon\">\n\t\t\t\t\t\t\t<i aria-hidden=\"true\" class=\"fas fa-info-circle\"><\/i>\t\t\t\t\t\t<\/span>\n\t\t\t\t\t\t\t\t\t\t<span class=\"elementor-icon-list-text\">Utilizamos Google Translate para hacer que nuestro sitio web sea m\u00e1s accesible en varios idiomas. Para obtener ayuda adicional, env\u00edenos un mensaje en la p\u00e1gina <strong>Cont\u00e1ctenos<\/strong>.<\/span>\n\t\t\t\t\t\t\t\t\t\t\t<\/a>\n\t\t\t\t\t\t\t\t\t<\/li>\n\t\t\t\t\t\t<\/ul>\n\t\t\t\t\t\t<\/div>\n\t\t\t\t<\/div>\n\t\t\t\t<\/div>\n\t\t<div class=\"elementor-element elementor-element-5f6fded9 e-con-full e-flex e-con e-child\" data-id=\"5f6fded9\" data-element_type=\"container\" data-e-type=\"container\">\n\t\t\t\t<div class=\"elementor-element elementor-element-701c2326 elementor-widget elementor-widget-image\" data-id=\"701c2326\" data-element_type=\"widget\" data-e-type=\"widget\" data-widget_type=\"image.default\">\n\t\t\t\t<div class=\"elementor-widget-container\">\n\t\t\t\t\t\t\t\t\t\t\t\t\t\t\t<img fetchpriority=\"high\" decoding=\"async\" width=\"800\" height=\"480\" src=\"https:\/\/bigkahunas.com\/destin\/wp-content\/uploads\/sites\/2\/2024\/01\/Humunga-River-friends-float-on-the-lazy-river-02-1024x614.webp\" class=\"attachment-large size-large wp-image-8367\" alt=\"Humunga River - friends float on the lazy river\" srcset=\"https:\/\/bigkahunas.com\/destin\/wp-content\/uploads\/sites\/2\/2024\/01\/Humunga-River-friends-float-on-the-lazy-river-02-1024x614.webp 1024w, https:\/\/bigkahunas.com\/destin\/wp-content\/uploads\/sites\/2\/2024\/01\/Humunga-River-friends-float-on-the-lazy-river-02-300x180.webp 300w, https:\/\/bigkahunas.com\/destin\/wp-content\/uploads\/sites\/2\/2024\/01\/Humunga-River-friends-float-on-the-lazy-river-02-768x461.webp 768w, https:\/\/bigkahunas.com\/destin\/wp-content\/uploads\/sites\/2\/2024\/01\/Humunga-River-friends-float-on-the-lazy-river-02-1536x922.webp 1536w, https:\/\/bigkahunas.com\/destin\/wp-content\/uploads\/sites\/2\/2024\/01\/Humunga-River-friends-float-on-the-lazy-river-02.webp 1620w\" sizes=\"(max-width: 800px) 100vw, 800px\" \/>\t\t\t\t\t\t\t\t\t\t\t\t\t\t\t<\/div>\n\t\t\t\t<\/div>\n\t\t\t\t<div class=\"elementor-element elementor-element-17bc07 elementor-widget elementor-widget-image\" data-id=\"17bc07\" data-element_type=\"widget\" data-e-type=\"widget\" data-widget_type=\"image.default\">\n\t\t\t\t<div class=\"elementor-widget-container\">\n\t\t\t\t\t\t\t\t\t\t\t\t\t\t\t<img decoding=\"async\" width=\"800\" height=\"802\" src=\"https:\/\/bigkahunas.com\/destin\/wp-content\/uploads\/sites\/2\/2024\/05\/Big_Kahunas-Father-Daughter-1021x1024.png\" class=\"attachment-large size-large wp-image-7838\" alt=\"\" srcset=\"https:\/\/bigkahunas.com\/destin\/wp-content\/uploads\/sites\/2\/2024\/05\/Big_Kahunas-Father-Daughter-1021x1024.png 1021w, https:\/\/bigkahunas.com\/destin\/wp-content\/uploads\/sites\/2\/2024\/05\/Big_Kahunas-Father-Daughter-300x300.png 300w, https:\/\/bigkahunas.com\/destin\/wp-content\/uploads\/sites\/2\/2024\/05\/Big_Kahunas-Father-Daughter-150x150.png 150w, https:\/\/bigkahunas.com\/destin\/wp-content\/uploads\/sites\/2\/2024\/05\/Big_Kahunas-Father-Daughter-768x771.png 768w, https:\/\/bigkahunas.com\/destin\/wp-content\/uploads\/sites\/2\/2024\/05\/Big_Kahunas-Father-Daughter.png 1200w\" sizes=\"(max-width: 800px) 100vw, 800px\" \/>\t\t\t\t\t\t\t\t\t\t\t\t\t\t\t<\/div>\n\t\t\t\t<\/div>\n\t\t\t\t<\/div>\n\t\t\t\t\t<\/div>\n\t\t\t\t<\/div>\n\t\t\t\t<\/div>\n\t\t","protected":false},"excerpt":{"rendered":"<p>C\u00f3mo traducir el sitio web de Big Kahuna&#8217;s al espa\u00f1ol<\/p>\n","protected":false},"author":2,"featured_media":8367,"parent":0,"menu_order":0,"comment_status":"closed","ping_status":"closed","template":"","meta":{"_acf_changed":false,"footnotes":""},"class_list":["post-8515","page","type-page","status-publish","has-post-thumbnail","hentry"],"acf":[],"yoast_head":"<!-- This site is optimized with the Yoast SEO Premium plugin v27.3 (Yoast SEO v27.3) - https:\/\/yoast.com\/product\/yoast-seo-premium-wordpress\/ -->\n<title>Espa\u00f1ol - Destin, FL | Big Kahuna&#039;s Park<\/title>\n<meta name=\"description\" content=\"C\u00f3mo traducir el sitio web de Big Kahuna&#039;s al espa\u00f1ol\" \/>\n<meta name=\"robots\" content=\"index, follow, max-snippet:-1, max-image-preview:large, max-video-preview:-1\" \/>\n<link rel=\"canonical\" href=\"https:\/\/bigkahunas.com\/destin\/espanol\/\" \/>\n<meta property=\"og:locale\" content=\"en_US\" \/>\n<meta property=\"og:type\" content=\"article\" \/>\n<meta property=\"og:title\" content=\"Espa\u00f1ol\" \/>\n<meta property=\"og:description\" content=\"C\u00f3mo traducir el sitio web de Big Kahuna&#039;s al espa\u00f1ol\" \/>\n<meta property=\"og:url\" content=\"https:\/\/bigkahunas.com\/destin\/espanol\/\" \/>\n<meta property=\"og:site_name\" content=\"Destin, FL | Big Kahuna&#039;s Park\" \/>\n<meta property=\"article:publisher\" content=\"https:\/\/www.facebook.com\/Officialboomersparks\/\" \/>\n<meta property=\"article:modified_time\" content=\"2024-06-11T19:55:25+00:00\" \/>\n<meta property=\"og:image\" content=\"https:\/\/bigkahunas.com\/destin\/wp-content\/uploads\/sites\/2\/2024\/01\/Humunga-River-friends-float-on-the-lazy-river-02.webp\" \/>\n\t<meta property=\"og:image:width\" content=\"1620\" \/>\n\t<meta property=\"og:image:height\" content=\"972\" \/>\n\t<meta property=\"og:image:type\" content=\"image\/webp\" \/>\n<meta name=\"twitter:card\" content=\"summary_large_image\" \/>\n<meta name=\"twitter:label1\" content=\"Est. reading time\" \/>\n\t<meta name=\"twitter:data1\" content=\"2 minutes\" \/>\n<script type=\"application\/ld+json\" class=\"yoast-schema-graph\">{\"@context\":\"https:\\\/\\\/schema.org\",\"@graph\":[{\"@type\":\"WebPage\",\"@id\":\"https:\\\/\\\/bigkahunas.com\\\/destin\\\/espanol\\\/\",\"url\":\"https:\\\/\\\/bigkahunas.com\\\/destin\\\/espanol\\\/\",\"name\":\"Espa\u00f1ol - Destin, FL | Big Kahuna&#039;s Park\",\"isPartOf\":{\"@id\":\"https:\\\/\\\/bigkahunas.com\\\/destin\\\/#website\"},\"primaryImageOfPage\":{\"@id\":\"https:\\\/\\\/bigkahunas.com\\\/destin\\\/espanol\\\/#primaryimage\"},\"image\":{\"@id\":\"https:\\\/\\\/bigkahunas.com\\\/destin\\\/espanol\\\/#primaryimage\"},\"thumbnailUrl\":\"https:\\\/\\\/bigkahunas.com\\\/destin\\\/wp-content\\\/uploads\\\/sites\\\/2\\\/2024\\\/01\\\/Humunga-River-friends-float-on-the-lazy-river-02.webp\",\"datePublished\":\"2024-06-06T22:02:06+00:00\",\"dateModified\":\"2024-06-11T19:55:25+00:00\",\"description\":\"C\u00f3mo traducir el sitio web de Big Kahuna's al espa\u00f1ol\",\"breadcrumb\":{\"@id\":\"https:\\\/\\\/bigkahunas.com\\\/destin\\\/espanol\\\/#breadcrumb\"},\"inLanguage\":\"en-US\",\"potentialAction\":[{\"@type\":\"ReadAction\",\"target\":[\"https:\\\/\\\/bigkahunas.com\\\/destin\\\/espanol\\\/\"]}]},{\"@type\":\"ImageObject\",\"inLanguage\":\"en-US\",\"@id\":\"https:\\\/\\\/bigkahunas.com\\\/destin\\\/espanol\\\/#primaryimage\",\"url\":\"https:\\\/\\\/bigkahunas.com\\\/destin\\\/wp-content\\\/uploads\\\/sites\\\/2\\\/2024\\\/01\\\/Humunga-River-friends-float-on-the-lazy-river-02.webp\",\"contentUrl\":\"https:\\\/\\\/bigkahunas.com\\\/destin\\\/wp-content\\\/uploads\\\/sites\\\/2\\\/2024\\\/01\\\/Humunga-River-friends-float-on-the-lazy-river-02.webp\",\"width\":1620,\"height\":972,\"caption\":\"Humunga River - friends float on the lazy river\"},{\"@type\":\"BreadcrumbList\",\"@id\":\"https:\\\/\\\/bigkahunas.com\\\/destin\\\/espanol\\\/#breadcrumb\",\"itemListElement\":[{\"@type\":\"ListItem\",\"position\":1,\"name\":\"Home\",\"item\":\"https:\\\/\\\/bigkahunas.com\\\/destin\\\/\"},{\"@type\":\"ListItem\",\"position\":2,\"name\":\"Espa\u00f1ol\"}]},{\"@type\":\"WebSite\",\"@id\":\"https:\\\/\\\/bigkahunas.com\\\/destin\\\/#website\",\"url\":\"https:\\\/\\\/bigkahunas.com\\\/destin\\\/\",\"name\":\"Destin, FL | Big Kahuna&#039;s Park\",\"description\":\"Destin Family-Friendly Activities and Fun Attractions\",\"publisher\":{\"@id\":\"https:\\\/\\\/bigkahunas.com\\\/destin\\\/#organization\"},\"potentialAction\":[{\"@type\":\"SearchAction\",\"target\":{\"@type\":\"EntryPoint\",\"urlTemplate\":\"https:\\\/\\\/bigkahunas.com\\\/destin\\\/?s={search_term_string}\"},\"query-input\":{\"@type\":\"PropertyValueSpecification\",\"valueRequired\":true,\"valueName\":\"search_term_string\"}}],\"inLanguage\":\"en-US\"},{\"@type\":\"Organization\",\"@id\":\"https:\\\/\\\/bigkahunas.com\\\/destin\\\/#organization\",\"name\":\"Boomers Park at Boca Raton\",\"url\":\"https:\\\/\\\/bigkahunas.com\\\/destin\\\/\",\"logo\":{\"@type\":\"ImageObject\",\"inLanguage\":\"en-US\",\"@id\":\"https:\\\/\\\/bigkahunas.com\\\/destin\\\/#\\\/schema\\\/logo\\\/image\\\/\",\"url\":\"https:\\\/\\\/bigkahunas.com\\\/destin\\\/wp-content\\\/uploads\\\/sites\\\/2\\\/2023\\\/07\\\/Big-Kahunas-Logo-Primary-2025-02.webp\",\"contentUrl\":\"https:\\\/\\\/bigkahunas.com\\\/destin\\\/wp-content\\\/uploads\\\/sites\\\/2\\\/2023\\\/07\\\/Big-Kahunas-Logo-Primary-2025-02.webp\",\"width\":1012,\"height\":319,\"caption\":\"Boomers Park at Boca Raton\"},\"image\":{\"@id\":\"https:\\\/\\\/bigkahunas.com\\\/destin\\\/#\\\/schema\\\/logo\\\/image\\\/\"},\"sameAs\":[\"https:\\\/\\\/www.facebook.com\\\/Officialboomersparks\\\/\"]}]}<\/script>\n<!-- \/ Yoast SEO Premium plugin. -->","yoast_head_json":{"title":"Espa\u00f1ol - Destin, FL | Big Kahuna&#039;s Park","description":"C\u00f3mo traducir el sitio web de Big Kahuna's al espa\u00f1ol","robots":{"index":"index","follow":"follow","max-snippet":"max-snippet:-1","max-image-preview":"max-image-preview:large","max-video-preview":"max-video-preview:-1"},"canonical":"https:\/\/bigkahunas.com\/destin\/espanol\/","og_locale":"en_US","og_type":"article","og_title":"Espa\u00f1ol","og_description":"C\u00f3mo traducir el sitio web de Big Kahuna's al espa\u00f1ol","og_url":"https:\/\/bigkahunas.com\/destin\/espanol\/","og_site_name":"Destin, FL | Big Kahuna&#039;s Park","article_publisher":"https:\/\/www.facebook.com\/Officialboomersparks\/","article_modified_time":"2024-06-11T19:55:25+00:00","og_image":[{"width":1620,"height":972,"url":"https:\/\/bigkahunas.com\/destin\/wp-content\/uploads\/sites\/2\/2024\/01\/Humunga-River-friends-float-on-the-lazy-river-02.webp","type":"image\/webp"}],"twitter_card":"summary_large_image","twitter_misc":{"Est. reading time":"2 minutes"},"schema":{"@context":"https:\/\/schema.org","@graph":[{"@type":"WebPage","@id":"https:\/\/bigkahunas.com\/destin\/espanol\/","url":"https:\/\/bigkahunas.com\/destin\/espanol\/","name":"Espa\u00f1ol - Destin, FL | Big Kahuna&#039;s Park","isPartOf":{"@id":"https:\/\/bigkahunas.com\/destin\/#website"},"primaryImageOfPage":{"@id":"https:\/\/bigkahunas.com\/destin\/espanol\/#primaryimage"},"image":{"@id":"https:\/\/bigkahunas.com\/destin\/espanol\/#primaryimage"},"thumbnailUrl":"https:\/\/bigkahunas.com\/destin\/wp-content\/uploads\/sites\/2\/2024\/01\/Humunga-River-friends-float-on-the-lazy-river-02.webp","datePublished":"2024-06-06T22:02:06+00:00","dateModified":"2024-06-11T19:55:25+00:00","description":"C\u00f3mo traducir el sitio web de Big Kahuna's al espa\u00f1ol","breadcrumb":{"@id":"https:\/\/bigkahunas.com\/destin\/espanol\/#breadcrumb"},"inLanguage":"en-US","potentialAction":[{"@type":"ReadAction","target":["https:\/\/bigkahunas.com\/destin\/espanol\/"]}]},{"@type":"ImageObject","inLanguage":"en-US","@id":"https:\/\/bigkahunas.com\/destin\/espanol\/#primaryimage","url":"https:\/\/bigkahunas.com\/destin\/wp-content\/uploads\/sites\/2\/2024\/01\/Humunga-River-friends-float-on-the-lazy-river-02.webp","contentUrl":"https:\/\/bigkahunas.com\/destin\/wp-content\/uploads\/sites\/2\/2024\/01\/Humunga-River-friends-float-on-the-lazy-river-02.webp","width":1620,"height":972,"caption":"Humunga River - friends float on the lazy river"},{"@type":"BreadcrumbList","@id":"https:\/\/bigkahunas.com\/destin\/espanol\/#breadcrumb","itemListElement":[{"@type":"ListItem","position":1,"name":"Home","item":"https:\/\/bigkahunas.com\/destin\/"},{"@type":"ListItem","position":2,"name":"Espa\u00f1ol"}]},{"@type":"WebSite","@id":"https:\/\/bigkahunas.com\/destin\/#website","url":"https:\/\/bigkahunas.com\/destin\/","name":"Destin, FL | Big Kahuna&#039;s Park","description":"Destin Family-Friendly Activities and Fun Attractions","publisher":{"@id":"https:\/\/bigkahunas.com\/destin\/#organization"},"potentialAction":[{"@type":"SearchAction","target":{"@type":"EntryPoint","urlTemplate":"https:\/\/bigkahunas.com\/destin\/?s={search_term_string}"},"query-input":{"@type":"PropertyValueSpecification","valueRequired":true,"valueName":"search_term_string"}}],"inLanguage":"en-US"},{"@type":"Organization","@id":"https:\/\/bigkahunas.com\/destin\/#organization","name":"Boomers Park at Boca Raton","url":"https:\/\/bigkahunas.com\/destin\/","logo":{"@type":"ImageObject","inLanguage":"en-US","@id":"https:\/\/bigkahunas.com\/destin\/#\/schema\/logo\/image\/","url":"https:\/\/bigkahunas.com\/destin\/wp-content\/uploads\/sites\/2\/2023\/07\/Big-Kahunas-Logo-Primary-2025-02.webp","contentUrl":"https:\/\/bigkahunas.com\/destin\/wp-content\/uploads\/sites\/2\/2023\/07\/Big-Kahunas-Logo-Primary-2025-02.webp","width":1012,"height":319,"caption":"Boomers Park at Boca Raton"},"image":{"@id":"https:\/\/bigkahunas.com\/destin\/#\/schema\/logo\/image\/"},"sameAs":["https:\/\/www.facebook.com\/Officialboomersparks\/"]}]}},"_links":{"self":[{"href":"https:\/\/bigkahunas.com\/destin\/wp-json\/wp\/v2\/pages\/8515","targetHints":{"allow":["GET"]}}],"collection":[{"href":"https:\/\/bigkahunas.com\/destin\/wp-json\/wp\/v2\/pages"}],"about":[{"href":"https:\/\/bigkahunas.com\/destin\/wp-json\/wp\/v2\/types\/page"}],"author":[{"embeddable":true,"href":"https:\/\/bigkahunas.com\/destin\/wp-json\/wp\/v2\/users\/2"}],"replies":[{"embeddable":true,"href":"https:\/\/bigkahunas.com\/destin\/wp-json\/wp\/v2\/comments?post=8515"}],"version-history":[{"count":0,"href":"https:\/\/bigkahunas.com\/destin\/wp-json\/wp\/v2\/pages\/8515\/revisions"}],"wp:featuredmedia":[{"embeddable":true,"href":"https:\/\/bigkahunas.com\/destin\/wp-json\/wp\/v2\/media\/8367"}],"wp:attachment":[{"href":"https:\/\/bigkahunas.com\/destin\/wp-json\/wp\/v2\/media?parent=8515"}],"curies":[{"name":"wp","href":"https:\/\/api.w.org\/{rel}","templated":true}]}}